{"id":567,"date":"2025-06-25T15:59:16","date_gmt":"2025-06-25T15:59:16","guid":{"rendered":"https:\/\/nahedhuancayo.com\/?page_id=567"},"modified":"2025-06-27T14:10:59","modified_gmt":"2025-06-27T14:10:59","slug":"region-junin","status":"publish","type":"page","link":"https:\/\/nahedhuancayo.com\/index.php\/region-junin\/","title":{"rendered":"REGI\u00d3N JUN\u00cdN"},"content":{"rendered":"\t\t<div data-elementor-type=\"wp-page\" data-elementor-id=\"567\" class=\"elementor elementor-567\" data-elementor-post-type=\"page\">\n\t\t\t\t<div class=\"elementor-element elementor-element-17ef887 e-flex e-con-boxed e-con e-parent\" data-id=\"17ef887\" data-element_type=\"container\" data-e-type=\"container\" data-settings=\"{&quot;background_background&quot;:&quot;classic&quot;}\">\n\t\t\t\t\t<div class=\"e-con-inner\">\n\t\t\t\t<div class=\"elementor-element elementor-element-558eced elementor-widget elementor-widget-text-editor\" data-id=\"558eced\" data-element_type=\"widget\" data-e-type=\"widget\" data-widget_type=\"text-editor.default\">\n\t\t\t\t<div class=\"elementor-widget-container\">\n\t\t\t\t\t\t\t\t\t<p style=\"text-align: center;\"><span style=\"color: #ffffff;\">EMPLEOS NAHED\u00a0<\/span><\/p><p style=\"text-align: center;\"><span style=\"color: #ffffff;\">REGI\u00d3N JUN\u00cdN<\/span><\/p>\t\t\t\t\t\t\t\t<\/div>\n\t\t\t\t<\/div>\n\t\t\t\t\t<\/div>\n\t\t\t\t<\/div>\n\t\t<div class=\"elementor-element elementor-element-e7cd024 e-grid e-con-boxed e-con e-parent\" data-id=\"e7cd024\" data-element_type=\"container\" data-e-type=\"container\">\n\t\t\t\t\t<div class=\"e-con-inner\">\n\t\t\t\t<div class=\"elementor-element elementor-element-150c961 elementor-widget elementor-widget-image\" data-id=\"150c961\" data-element_type=\"widget\" data-e-type=\"widget\" data-widget_type=\"image.default\">\n\t\t\t\t<div class=\"elementor-widget-container\">\n\t\t\t\t\t\t\t\t\t\t\t\t\t\t\t<img fetchpriority=\"high\" decoding=\"async\" width=\"760\" height=\"507\" src=\"https:\/\/nahedhuancayo.com\/wp-content\/uploads\/2025\/06\/REGION-JUNIN.jpg\" class=\"attachment-large size-large wp-image-578\" alt=\"\" srcset=\"https:\/\/nahedhuancayo.com\/wp-content\/uploads\/2025\/06\/REGION-JUNIN.jpg 760w, https:\/\/nahedhuancayo.com\/wp-content\/uploads\/2025\/06\/REGION-JUNIN-300x200.jpg 300w\" sizes=\"(max-width: 760px) 100vw, 760px\" \/>\t\t\t\t\t\t\t\t\t\t\t\t\t\t\t<\/div>\n\t\t\t\t<\/div>\n\t\t\t\t<div class=\"elementor-element elementor-element-a355578 elementor-widget elementor-widget-text-editor\" data-id=\"a355578\" data-element_type=\"widget\" data-e-type=\"widget\" data-widget_type=\"text-editor.default\">\n\t\t\t\t<div class=\"elementor-widget-container\">\n\t\t\t\t\t\t\t\t\t<p style=\"text-align: center;\"><span style=\"color: #333333;\"><strong>Somos una nueva alternativa de empleos en la regi\u00f3n Jun\u00edn, donde podr\u00e1s observar las oportunidades laborales en tu misma localidad.<\/strong><\/span><\/p><p style=\"text-align: center;\"><span style=\"color: #333333;\"><strong>Nahed Empleos, siempre renovados.<\/strong><\/span><\/p><p style=\"text-align: center;\">Contactanos al cel. 981132656. Huancayo<\/p>\t\t\t\t\t\t\t\t<\/div>\n\t\t\t\t<\/div>\n\t\t\t\t<div class=\"elementor-element elementor-element-c8d22e9 elementor-widget elementor-widget-image\" data-id=\"c8d22e9\" data-element_type=\"widget\" data-e-type=\"widget\" data-widget_type=\"image.default\">\n\t\t\t\t<div class=\"elementor-widget-container\">\n\t\t\t\t\t\t\t\t\t\t\t\t\t\t\t<img decoding=\"async\" width=\"760\" height=\"507\" src=\"https:\/\/nahedhuancayo.com\/wp-content\/uploads\/2025\/06\/huancayo.jpg\" class=\"attachment-full size-full wp-image-639\" alt=\"\" srcset=\"https:\/\/nahedhuancayo.com\/wp-content\/uploads\/2025\/06\/huancayo.jpg 760w, https:\/\/nahedhuancayo.com\/wp-content\/uploads\/2025\/06\/huancayo-300x200.jpg 300w\" sizes=\"(max-width: 760px) 100vw, 760px\" \/>\t\t\t\t\t\t\t\t\t\t\t\t\t\t\t<\/div>\n\t\t\t\t<\/div>\n\t\t\t\t\t<\/div>\n\t\t\t\t<\/div>\n\t\t\t\t<\/div>\n\t\t","protected":false},"excerpt":{"rendered":"<p>EMPLEOS NAHED\u00a0 REGI\u00d3N JUN\u00cdN Somos una nueva alternativa de empleos en la regi\u00f3n Jun\u00edn, donde podr\u00e1s observar las oportunidades laborales en tu misma localidad. Nahed Empleos, siempre renovados. Contactanos al cel. 981132656. Huancayo<\/p>\n","protected":false},"author":1,"featured_media":0,"parent":0,"menu_order":0,"comment_status":"closed","ping_status":"closed","template":"","meta":{"footnotes":""},"class_list":["post-567","page","type-page","status-publish","hentry"],"_links":{"self":[{"href":"https:\/\/nahedhuancayo.com\/index.php\/wp-json\/wp\/v2\/pages\/567","targetHints":{"allow":["GET"]}}],"collection":[{"href":"https:\/\/nahedhuancayo.com\/index.php\/wp-json\/wp\/v2\/pages"}],"about":[{"href":"https:\/\/nahedhuancayo.com\/index.php\/wp-json\/wp\/v2\/types\/page"}],"author":[{"embeddable":true,"href":"https:\/\/nahedhuancayo.com\/index.php\/wp-json\/wp\/v2\/users\/1"}],"replies":[{"embeddable":true,"href":"https:\/\/nahedhuancayo.com\/index.php\/wp-json\/wp\/v2\/comments?post=567"}],"version-history":[{"count":30,"href":"https:\/\/nahedhuancayo.com\/index.php\/wp-json\/wp\/v2\/pages\/567\/revisions"}],"predecessor-version":[{"id":710,"href":"https:\/\/nahedhuancayo.com\/index.php\/wp-json\/wp\/v2\/pages\/567\/revisions\/710"}],"wp:attachment":[{"href":"https:\/\/nahedhuancayo.com\/index.php\/wp-json\/wp\/v2\/media?parent=567"}],"curies":[{"name":"wp","href":"https:\/\/api.w.org\/{rel}","templated":true}]}}