{"id":225,"date":"2025-06-16T23:11:07","date_gmt":"2025-06-16T23:11:07","guid":{"rendered":"https:\/\/nahedhuancayo.com\/?page_id=225"},"modified":"2025-09-24T02:08:57","modified_gmt":"2025-09-24T02:08:57","slug":"turismo","status":"publish","type":"page","link":"https:\/\/nahedhuancayo.com\/index.php\/turismo\/","title":{"rendered":"Turismo"},"content":{"rendered":"\t\t<div data-elementor-type=\"wp-page\" data-elementor-id=\"225\" class=\"elementor elementor-225\" data-elementor-post-type=\"page\">\n\t\t\t\t<div class=\"elementor-element elementor-element-84d4700 e-flex e-con-boxed e-con e-parent\" data-id=\"84d4700\" data-element_type=\"container\" data-e-type=\"container\">\n\t\t\t\t\t<div class=\"e-con-inner\">\n\t\t\t\t<div class=\"elementor-element elementor-element-201dd86 elementor-widget elementor-widget-heading\" data-id=\"201dd86\" data-element_type=\"widget\" data-e-type=\"widget\" data-widget_type=\"heading.default\">\n\t\t\t\t<div class=\"elementor-widget-container\">\n\t\t\t\t\t<h2 class=\"elementor-heading-title elementor-size-default\">ACADEMIA PRE UNIVERSITARIA<\/h2>\t\t\t\t<\/div>\n\t\t\t\t<\/div>\n\t\t\t\t\t<\/div>\n\t\t\t\t<\/div>\n\t\t<div class=\"elementor-element elementor-element-af9ecca e-flex e-con-boxed e-con e-parent\" data-id=\"af9ecca\" data-element_type=\"container\" data-e-type=\"container\">\n\t\t\t\t\t<div class=\"e-con-inner\">\n\t\t\t\t<div class=\"elementor-element elementor-element-72ffb3e elementor-widget elementor-widget-heading\" data-id=\"72ffb3e\" data-element_type=\"widget\" data-e-type=\"widget\" data-widget_type=\"heading.default\">\n\t\t\t\t<div class=\"elementor-widget-container\">\n\t\t\t\t\t<h2 class=\"elementor-heading-title elementor-size-default\">Nosotros somos una organizaci\u00f3n con conciencia social, contamos con la academia pre-universitaria que piensa en la poblaci\u00f3n peruana en general y ha dedicado esfuerzo y sacrificio para que todos nuestros j\u00f3venes tengan una educaci\u00f3n de calidad y as\u00ed nuestros alumnos puedan cumplir con las exigencias educativas de las universidades nacionales.\n\nPara la academia contamos con los materias actualizados al periodo 2025 que llevar\u00e1s en el proceso de aprendizaje corresponden a todo un ciclo semestral normal correspondientes al periodo 2024-II, podr\u00e1s adquirir todo el paquete completo del desarrollo de una academia presencial con los videos de cada sesi\u00f3n, manuales de gu\u00eda, evaluaciones tipo admisi\u00f3n, Compendio acad\u00e9mico, FASTEST, ex\u00e1menes de admisi\u00f3n de a\u00f1os anteriores, transmisiones en vivo para la resoluci\u00f3n de ex\u00e1menes de admisi\u00f3n, etc. lo \u00fanico que har\u00e1s; ser\u00e1 abrir tu celular, laptop, computadora o tablet y comenzar a prepararte para tu ingreso directo a la universidad y sin costo alguno.<\/h2>\t\t\t\t<\/div>\n\t\t\t\t<\/div>\n\t\t\t\t\t<\/div>\n\t\t\t\t<\/div>\n\t\t<div class=\"elementor-element elementor-element-1ad933d e-flex e-con-boxed e-con e-parent\" data-id=\"1ad933d\" data-element_type=\"container\" data-e-type=\"container\" data-settings=\"{&quot;background_background&quot;:&quot;classic&quot;}\">\n\t\t\t\t\t<div class=\"e-con-inner\">\n\t\t<div class=\"elementor-element elementor-element-c4fef9f e-con-full e-flex e-con e-child\" data-id=\"c4fef9f\" data-element_type=\"container\" data-e-type=\"container\">\n\t\t<div class=\"elementor-element elementor-element-54e7491 e-con-full e-flex e-con e-child\" data-id=\"54e7491\" data-element_type=\"container\" data-e-type=\"container\">\n\t\t\t\t<div class=\"elementor-element elementor-element-496aa5b elementor-widget elementor-widget-heading\" data-id=\"496aa5b\" data-element_type=\"widget\" data-e-type=\"widget\" data-widget_type=\"heading.default\">\n\t\t\t\t<div class=\"elementor-widget-container\">\n\t\t\t\t\t<h2 class=\"elementor-heading-title elementor-size-default\">CEL. DE CONTACTO: 997809228 Lic. Natalia Perez C.\n<br>\n<br>\nDirecci\u00f3n: Prolongaci\u00f3n Hu\u00e1nuco N\u00b0 608 Huancayo<\/h2>\t\t\t\t<\/div>\n\t\t\t\t<\/div>\n\t\t\t\t<\/div>\n\t\t\t\t<\/div>\n\t\t\t\t\t<\/div>\n\t\t\t\t<\/div>\n\t\t\t\t<\/div>\n\t\t","protected":false},"excerpt":{"rendered":"<p>ACADEMIA PRE UNIVERSITARIA Nosotros somos una organizaci\u00f3n con conciencia social, contamos con la academia pre-universitaria que piensa en la poblaci\u00f3n peruana en general y ha dedicado esfuerzo y sacrificio para que todos nuestros j\u00f3venes tengan una educaci\u00f3n de calidad y as\u00ed nuestros alumnos puedan cumplir con las exigencias educativas de las universidades nacionales. Para la [&hellip;]<\/p>\n","protected":false},"author":1,"featured_media":0,"parent":0,"menu_order":0,"comment_status":"closed","ping_status":"closed","template":"","meta":{"footnotes":""},"class_list":["post-225","page","type-page","status-publish","hentry"],"_links":{"self":[{"href":"https:\/\/nahedhuancayo.com\/index.php\/wp-json\/wp\/v2\/pages\/225","targetHints":{"allow":["GET"]}}],"collection":[{"href":"https:\/\/nahedhuancayo.com\/index.php\/wp-json\/wp\/v2\/pages"}],"about":[{"href":"https:\/\/nahedhuancayo.com\/index.php\/wp-json\/wp\/v2\/types\/page"}],"author":[{"embeddable":true,"href":"https:\/\/nahedhuancayo.com\/index.php\/wp-json\/wp\/v2\/users\/1"}],"replies":[{"embeddable":true,"href":"https:\/\/nahedhuancayo.com\/index.php\/wp-json\/wp\/v2\/comments?post=225"}],"version-history":[{"count":37,"href":"https:\/\/nahedhuancayo.com\/index.php\/wp-json\/wp\/v2\/pages\/225\/revisions"}],"predecessor-version":[{"id":918,"href":"https:\/\/nahedhuancayo.com\/index.php\/wp-json\/wp\/v2\/pages\/225\/revisions\/918"}],"wp:attachment":[{"href":"https:\/\/nahedhuancayo.com\/index.php\/wp-json\/wp\/v2\/media?parent=225"}],"curies":[{"name":"wp","href":"https:\/\/api.w.org\/{rel}","templated":true}]}}