{"id":207,"date":"2025-06-16T22:59:09","date_gmt":"2025-06-16T22:59:09","guid":{"rendered":"https:\/\/nahedhuancayo.com\/?page_id=207"},"modified":"2025-06-27T14:09:32","modified_gmt":"2025-06-27T14:09:32","slug":"empleos","status":"publish","type":"page","link":"https:\/\/nahedhuancayo.com\/index.php\/empleos\/","title":{"rendered":"Empleos"},"content":{"rendered":"\t\t<div data-elementor-type=\"wp-page\" data-elementor-id=\"207\" class=\"elementor elementor-207\" data-elementor-post-type=\"page\">\n\t\t\t\t<div class=\"elementor-element elementor-element-b9edc62 e-flex e-con-boxed e-con e-parent\" data-id=\"b9edc62\" data-element_type=\"container\" data-e-type=\"container\">\n\t\t\t\t\t<div class=\"e-con-inner\">\n\t\t\t\t<div class=\"elementor-element elementor-element-207ba2d elementor-widget elementor-widget-heading\" data-id=\"207ba2d\" data-element_type=\"widget\" data-e-type=\"widget\" data-widget_type=\"heading.default\">\n\t\t\t\t<div class=\"elementor-widget-container\">\n\t\t\t\t\t<h2 class=\"elementor-heading-title elementor-size-default\">NAHED EMPLEOS<\/h2>\t\t\t\t<\/div>\n\t\t\t\t<\/div>\n\t\t\t\t\t<\/div>\n\t\t\t\t<\/div>\n\t\t<div class=\"elementor-element elementor-element-1f0a5d4 e-flex e-con-boxed e-con e-parent\" data-id=\"1f0a5d4\" data-element_type=\"container\" data-e-type=\"container\" data-settings=\"{&quot;background_background&quot;:&quot;classic&quot;}\">\n\t\t\t\t\t<div class=\"e-con-inner\">\n\t\t<div class=\"elementor-element elementor-element-44d031d e-con-full e-flex e-con e-child\" data-id=\"44d031d\" data-element_type=\"container\" data-e-type=\"container\">\n\t\t<div class=\"elementor-element elementor-element-137a9c9 e-con-full e-flex e-con e-child\" data-id=\"137a9c9\" data-element_type=\"container\" data-e-type=\"container\">\n\t\t\t\t<div class=\"elementor-element elementor-element-3a97e6d elementor-widget elementor-widget-image\" data-id=\"3a97e6d\" data-element_type=\"widget\" data-e-type=\"widget\" data-widget_type=\"image.default\">\n\t\t\t\t<div class=\"elementor-widget-container\">\n\t\t\t\t\t\t\t\t\t\t\t\t\t\t\t<img fetchpriority=\"high\" decoding=\"async\" width=\"1280\" height=\"1352\" src=\"https:\/\/nahedhuancayo.com\/wp-content\/uploads\/2025\/06\/media-9.png\" class=\"attachment-full size-full wp-image-215\" alt=\"\" srcset=\"https:\/\/nahedhuancayo.com\/wp-content\/uploads\/2025\/06\/media-9.png 1280w, https:\/\/nahedhuancayo.com\/wp-content\/uploads\/2025\/06\/media-9-284x300.png 284w, https:\/\/nahedhuancayo.com\/wp-content\/uploads\/2025\/06\/media-9-969x1024.png 969w, https:\/\/nahedhuancayo.com\/wp-content\/uploads\/2025\/06\/media-9-768x811.png 768w\" sizes=\"(max-width: 1280px) 100vw, 1280px\" \/>\t\t\t\t\t\t\t\t\t\t\t\t\t\t\t<\/div>\n\t\t\t\t<\/div>\n\t\t\t\t<\/div>\n\t\t<div class=\"elementor-element elementor-element-63bc37f e-con-full e-flex e-con e-child\" data-id=\"63bc37f\" data-element_type=\"container\" data-e-type=\"container\">\n\t\t\t\t<div class=\"elementor-element elementor-element-b672c8e elementor-widget elementor-widget-heading\" data-id=\"b672c8e\" data-element_type=\"widget\" data-e-type=\"widget\" data-widget_type=\"heading.default\">\n\t\t\t\t<div class=\"elementor-widget-container\">\n\t\t\t\t\t<h2 class=\"elementor-heading-title elementor-size-default\">Empleos NAHED es una plataforma sencilla y f\u00e1cil para buscar empleos en  todo el Per\u00fa.<\/h2>\t\t\t\t<\/div>\n\t\t\t\t<\/div>\n\t\t\t\t<div class=\"elementor-element elementor-element-9e097a9 elementor-widget elementor-widget-heading\" data-id=\"9e097a9\" data-element_type=\"widget\" data-e-type=\"widget\" data-widget_type=\"heading.default\">\n\t\t\t\t<div class=\"elementor-widget-container\">\n\t\t\t\t\t<h2 class=\"elementor-heading-title elementor-size-default\">Si tienes una empresa o emprendimiento y buscas personal, tenemos promociones desde S\/10.00 soles mensuales para que publiques los reclutamientos necesarios que necesita tu empresa.<\/h2>\t\t\t\t<\/div>\n\t\t\t\t<\/div>\n\t\t\t\t<\/div>\n\t\t\t\t<\/div>\n\t\t\t\t\t<\/div>\n\t\t\t\t<\/div>\n\t\t<div class=\"elementor-element elementor-element-3b96ec6 e-flex e-con-boxed e-con e-parent\" data-id=\"3b96ec6\" data-element_type=\"container\" data-e-type=\"container\" data-settings=\"{&quot;background_background&quot;:&quot;classic&quot;}\">\n\t\t\t\t\t<div class=\"e-con-inner\">\n\t\t\t\t<div class=\"elementor-element elementor-element-c355ba3 elementor-widget elementor-widget-n-accordion\" data-id=\"c355ba3\" data-element_type=\"widget\" data-e-type=\"widget\" data-settings=\"{&quot;default_state&quot;:&quot;expanded&quot;,&quot;max_items_expended&quot;:&quot;one&quot;,&quot;n_accordion_animation_duration&quot;:{&quot;unit&quot;:&quot;ms&quot;,&quot;size&quot;:400,&quot;sizes&quot;:[]}}\" data-widget_type=\"nested-accordion.default\">\n\t\t\t\t<div class=\"elementor-widget-container\">\n\t\t\t\t\t\t\t<div class=\"e-n-accordion\" aria-label=\"Accordion. Open links with Enter or Space, close with Escape, and navigate with Arrow Keys\">\n\t\t\t\t\t\t<details id=\"e-n-accordion-item-2040\" class=\"e-n-accordion-item\" open>\n\t\t\t\t<summary class=\"e-n-accordion-item-title\" data-accordion-index=\"1\" tabindex=\"0\" aria-expanded=\"true\" aria-controls=\"e-n-accordion-item-2040\" >\n\t\t\t\t\t<span class='e-n-accordion-item-title-header'><div class=\"e-n-accordion-item-title-text\"> MODALIDAD DE CONTRATACI\u00d3N <\/div><\/span>\n\t\t\t\t\t\t\t<span class='e-n-accordion-item-title-icon'>\n\t\t\t<span class='e-opened' ><svg aria-hidden=\"true\" class=\"e-font-icon-svg e-fas-minus\" viewBox=\"0 0 448 512\" xmlns=\"http:\/\/www.w3.org\/2000\/svg\"><path d=\"M416 208H32c-17.67 0-32 14.33-32 32v32c0 17.67 14.33 32 32 32h384c17.67 0 32-14.33 32-32v-32c0-17.67-14.33-32-32-32z\"><\/path><\/svg><\/span>\n\t\t\t<span class='e-closed'><svg aria-hidden=\"true\" class=\"e-font-icon-svg e-fas-plus\" viewBox=\"0 0 448 512\" xmlns=\"http:\/\/www.w3.org\/2000\/svg\"><path d=\"M416 208H272V64c0-17.67-14.33-32-32-32h-32c-17.67 0-32 14.33-32 32v144H32c-17.67 0-32 14.33-32 32v32c0 17.67 14.33 32 32 32h144v144c0 17.67 14.33 32 32 32h32c17.67 0 32-14.33 32-32V304h144c17.67 0 32-14.33 32-32v-32c0-17.67-14.33-32-32-32z\"><\/path><\/svg><\/span>\n\t\t<\/span>\n\n\t\t\t\t\t\t<\/summary>\n\t\t\t\t<div role=\"region\" aria-labelledby=\"e-n-accordion-item-2040\" class=\"elementor-element elementor-element-21876ac e-con-full e-flex e-con e-child\" data-id=\"21876ac\" data-element_type=\"container\" data-e-type=\"container\">\n\t\t\t\t<div class=\"elementor-element elementor-element-363311a elementor-widget elementor-widget-text-editor\" data-id=\"363311a\" data-element_type=\"widget\" data-e-type=\"widget\" data-widget_type=\"text-editor.default\">\n\t\t\t\t<div class=\"elementor-widget-container\">\n\t\t\t\t\t\t\t\t\t<ol class=\"n8H08c BKnRcf \"><li class=\"zfr3Q TYR86d lsiHE \" dir=\"ltr\"><p class=\"zfr3Q CDt4Ke \" dir=\"ltr\" role=\"presentation\"><span class=\"C9DxTc \">La empresa contratante con NAHED empleos\u00a0 tendr\u00e1 el acceso ilimitado para publicar los proceso de reclutamientos que ameritan sus empresas en el tiempo contratado previa coordinaci\u00f3n con el encargado de publicaciones (El aviso publicitario se har\u00e1 con anticipaci\u00f3n por parte del interesado y el encargado publicar\u00e1 el aviso en un m\u00e1ximo de 12 horas despu\u00e9s de lo acordado con la empresa contratada).<\/span><\/p><\/li><li class=\"zfr3Q TYR86d lsiHE \" dir=\"ltr\"><p class=\"zfr3Q CDt4Ke \" dir=\"ltr\" role=\"presentation\"><span class=\"C9DxTc \">\u00a0El costo b\u00e1sico es de S\/10.00 soles mensuales en nuestras plataformas (recomendado para emprendedores).<\/span><\/p><\/li><li class=\"zfr3Q TYR86d lsiHE \" dir=\"ltr\"><p class=\"zfr3Q CDt4Ke \" dir=\"ltr\" role=\"presentation\"><span class=\"C9DxTc \">Si deseas un paquete ESTANDAR donde los usuarios vean tu logo, perfiles de personal, rubro de la empresa, el paquete es de S\/15.00 soles mensuales (recomendado para peque\u00f1as empresas).<\/span><\/p><\/li><li class=\"zfr3Q TYR86d lsiHE \" dir=\"ltr\"><p class=\"zfr3Q CDt4Ke \" dir=\"ltr\" role=\"presentation\"><span class=\"C9DxTc \">Si deseas un paquete\u00a0<\/span><span class=\"C9DxTc \">PREMIUM<\/span><span class=\"C9DxTc \">\u00a0donde los usuarios vean tu logo, perfiles de personal, rubro de la empr<\/span><span class=\"C9DxTc \">esa y si deseas que nosotros recabemos los CVs\u00a0 de los postulantes con los datos de los interesados y te mandemos un consolidado de la informaci\u00f3n,\u00a0<\/span><span class=\"C9DxTc \">el paquete es de S\/20.00 soles mensuales (recomendado para peque\u00f1as, medianas y grandes empresas).<\/span><\/p><\/li><\/ol>\t\t\t\t\t\t\t\t<\/div>\n\t\t\t\t<\/div>\n\t\t\t\t<\/div>\n\t\t\t\t\t<\/details>\n\t\t\t\t\t\t<details id=\"e-n-accordion-item-2041\" class=\"e-n-accordion-item\" >\n\t\t\t\t<summary class=\"e-n-accordion-item-title\" data-accordion-index=\"2\" tabindex=\"-1\" aria-expanded=\"false\" aria-controls=\"e-n-accordion-item-2041\" >\n\t\t\t\t\t<span class='e-n-accordion-item-title-header'><div class=\"e-n-accordion-item-title-text\"> DEBERES DEL RECLUTADOR Y PERSONAS INTERESADAS A LOS PUESTOS DE TRABAJO: <\/div><\/span>\n\t\t\t\t\t\t\t<span class='e-n-accordion-item-title-icon'>\n\t\t\t<span class='e-opened' ><svg aria-hidden=\"true\" class=\"e-font-icon-svg e-fas-minus\" viewBox=\"0 0 448 512\" xmlns=\"http:\/\/www.w3.org\/2000\/svg\"><path d=\"M416 208H32c-17.67 0-32 14.33-32 32v32c0 17.67 14.33 32 32 32h384c17.67 0 32-14.33 32-32v-32c0-17.67-14.33-32-32-32z\"><\/path><\/svg><\/span>\n\t\t\t<span class='e-closed'><svg aria-hidden=\"true\" class=\"e-font-icon-svg e-fas-plus\" viewBox=\"0 0 448 512\" xmlns=\"http:\/\/www.w3.org\/2000\/svg\"><path d=\"M416 208H272V64c0-17.67-14.33-32-32-32h-32c-17.67 0-32 14.33-32 32v144H32c-17.67 0-32 14.33-32 32v32c0 17.67 14.33 32 32 32h144v144c0 17.67 14.33 32 32 32h32c17.67 0 32-14.33 32-32V304h144c17.67 0 32-14.33 32-32v-32c0-17.67-14.33-32-32-32z\"><\/path><\/svg><\/span>\n\t\t<\/span>\n\n\t\t\t\t\t\t<\/summary>\n\t\t\t\t<div role=\"region\" aria-labelledby=\"e-n-accordion-item-2041\" class=\"elementor-element elementor-element-6cd198f e-con-full e-flex e-con e-child\" data-id=\"6cd198f\" data-element_type=\"container\" data-e-type=\"container\">\n\t\t\t\t<div class=\"elementor-element elementor-element-8e9e492 elementor-widget elementor-widget-text-editor\" data-id=\"8e9e492\" data-element_type=\"widget\" data-e-type=\"widget\" data-widget_type=\"text-editor.default\">\n\t\t\t\t<div class=\"elementor-widget-container\">\n\t\t\t\t\t\t\t\t\t<ul class=\"n8H08c UVNKR \"><li class=\"zfr3Q TYR86d eD0Rn \" dir=\"ltr\"><p class=\"zfr3Q CDt4Ke \" dir=\"ltr\" role=\"presentation\"><span class=\"C9DxTc \">Los responsables de\u00a0 reclutamientos en las empresas contratantes con NAHED,\u00a0 realizar\u00e1n su proceso de reclutamiento de personal bajo su responsabilidad, respetando el orden jur\u00eddico peruano y leyes que respeten y protegen al trabajador peruano, la modalidad de contrataci\u00f3n y\u00a0 coordinaci\u00f3n ser\u00e1 bajo responsabilidad de los reclutadores, quedando sin responsabilidad NAHED empleos.<\/span><\/p><\/li><li class=\"zfr3Q TYR86d eD0Rn \" dir=\"ltr\"><p class=\"zfr3Q CDt4Ke \" dir=\"ltr\" role=\"presentation\"><span class=\"C9DxTc \">Los reclutadores son responsables del proceso de selecci\u00f3n de personal\u00a0 bajo su responsabilidad.<\/span><\/p><\/li><li class=\"zfr3Q TYR86d eD0Rn \" dir=\"ltr\"><p class=\"zfr3Q CDt4Ke \" dir=\"ltr\" role=\"presentation\"><span class=\"C9DxTc \">Los postulantes a puestos laborales se har\u00e1n responsables de postular a los puestos de trabajo, por lo que deber\u00e1n de postular a empleos que respeten las normas peruanas tanto en el \u00e1mbito penal y civil verificando direcci\u00f3n, RUC, antecedente de la empresa para as\u00ed optar a puestos laborales \u00f3ptimos.<\/span><\/p><\/li><\/ul>\t\t\t\t\t\t\t\t<\/div>\n\t\t\t\t<\/div>\n\t\t\t\t<\/div>\n\t\t\t\t\t<\/details>\n\t\t\t\t\t<\/div>\n\t\t\t\t\t\t<\/div>\n\t\t\t\t<\/div>\n\t\t\t\t\t<\/div>\n\t\t\t\t<\/div>\n\t\t<div class=\"elementor-element elementor-element-c00b709 e-flex e-con-boxed e-con e-parent\" data-id=\"c00b709\" data-element_type=\"container\" data-e-type=\"container\" data-settings=\"{&quot;background_background&quot;:&quot;classic&quot;}\">\n\t\t\t\t\t<div class=\"e-con-inner\">\n\t\t<div class=\"elementor-element elementor-element-2130c36 e-con-full e-flex e-con e-child\" data-id=\"2130c36\" data-element_type=\"container\" data-e-type=\"container\">\n\t\t<div class=\"elementor-element elementor-element-c9100a5 e-con-full e-flex e-con e-child\" data-id=\"c9100a5\" data-element_type=\"container\" data-e-type=\"container\">\n\t\t\t\t<div class=\"elementor-element elementor-element-938d7eb elementor-widget elementor-widget-heading\" data-id=\"938d7eb\" data-element_type=\"widget\" data-e-type=\"widget\" data-widget_type=\"heading.default\">\n\t\t\t\t<div class=\"elementor-widget-container\">\n\t\t\t\t\t<h2 class=\"elementor-heading-title elementor-size-default\">CEL. DE CONTACTO: 997809228 Lic. Natalia Perez C.\n<br>\n<br>\nDirecci\u00f3n: Prolongaci\u00f3n Hu\u00e1nuco N\u00b0 608 Huancayo<\/h2>\t\t\t\t<\/div>\n\t\t\t\t<\/div>\n\t\t\t\t<\/div>\n\t\t\t\t<\/div>\n\t\t\t\t\t<\/div>\n\t\t\t\t<\/div>\n\t\t\t\t<\/div>\n\t\t","protected":false},"excerpt":{"rendered":"<p>NAHED EMPLEOS Empleos NAHED es una plataforma sencilla y f\u00e1cil para buscar empleos en todo el Per\u00fa. Si tienes una empresa o emprendimiento y buscas personal, tenemos promociones desde S\/10.00 soles mensuales para que publiques los reclutamientos necesarios que necesita tu empresa. MODALIDAD DE CONTRATACI\u00d3N La empresa contratante con NAHED empleos\u00a0 tendr\u00e1 el acceso ilimitado [&hellip;]<\/p>\n","protected":false},"author":1,"featured_media":0,"parent":0,"menu_order":0,"comment_status":"closed","ping_status":"closed","template":"","meta":{"footnotes":""},"class_list":["post-207","page","type-page","status-publish","hentry"],"_links":{"self":[{"href":"https:\/\/nahedhuancayo.com\/index.php\/wp-json\/wp\/v2\/pages\/207","targetHints":{"allow":["GET"]}}],"collection":[{"href":"https:\/\/nahedhuancayo.com\/index.php\/wp-json\/wp\/v2\/pages"}],"about":[{"href":"https:\/\/nahedhuancayo.com\/index.php\/wp-json\/wp\/v2\/types\/page"}],"author":[{"embeddable":true,"href":"https:\/\/nahedhuancayo.com\/index.php\/wp-json\/wp\/v2\/users\/1"}],"replies":[{"embeddable":true,"href":"https:\/\/nahedhuancayo.com\/index.php\/wp-json\/wp\/v2\/comments?post=207"}],"version-history":[{"count":25,"href":"https:\/\/nahedhuancayo.com\/index.php\/wp-json\/wp\/v2\/pages\/207\/revisions"}],"predecessor-version":[{"id":704,"href":"https:\/\/nahedhuancayo.com\/index.php\/wp-json\/wp\/v2\/pages\/207\/revisions\/704"}],"wp:attachment":[{"href":"https:\/\/nahedhuancayo.com\/index.php\/wp-json\/wp\/v2\/media?parent=207"}],"curies":[{"name":"wp","href":"https:\/\/api.w.org\/{rel}","templated":true}]}}